{"id":251,"date":"2024-03-13T02:30:34","date_gmt":"2024-03-13T05:30:34","guid":{"rendered":"https:\/\/cavdata.com\/?page_id=251"},"modified":"2025-01-04T23:28:42","modified_gmt":"2025-01-05T02:28:42","slug":"servicos","status":"publish","type":"page","link":"https:\/\/cavdata.com\/index.php\/servicos\/","title":{"rendered":"Servi\u00e7os"},"content":{"rendered":"\n<div class=\"wp-block-group alignfull has-global-padding is-layout-constrained wp-block-group-is-layout-constrained\" style=\"margin-top:0px;margin-bottom:0px;padding-top:0;padding-bottom:0\">\n<div class=\"wp-block-group alignwide is-layout-flow wp-block-group-is-layout-flow\" style=\"padding-bottom:var(--wp--preset--spacing--medium)\">\n<div class=\"wp-block-columns are-vertically-aligned-bottom is-layout-flex wp-container-core-columns-layout-1 wp-block-columns-is-layout-flex\">\n<div class=\"wp-block-column is-vertically-aligned-bottom is-layout-flow wp-block-column-is-layout-flow\">\n<p class=\"has-primary-color has-text-color has-base-font-size\">Solu\u00e7\u00f5es<\/p>\n\n\n\n<h2 class=\"wp-block-heading has-x-large-font-size\" style=\"margin-top:0.25rem\">Nossos servi\u00e7os<\/h2>\n<\/div>\n\n\n\n<div class=\"wp-block-column is-vertically-aligned-bottom is-layout-flow wp-block-column-is-layout-flow\">\n<p style=\"margin-bottom:0.65rem\">Veja como podemos ajudar a alavancar seu neg\u00f3cio com os nossos servi\u00e7os de tecnologia.<\/p>\n<\/div>\n<\/div>\n<\/div>\n\n\n\n<div class=\"wp-block-group alignwide is-layout-flow wp-block-group-is-layout-flow\">\n<div class=\"wp-block-columns is-layout-flex wp-container-core-columns-layout-2 wp-block-columns-is-layout-flex\">\n<div class=\"wp-block-column is-layout-flow wp-block-column-is-layout-flow\">\n<div class=\"wp-block-group has-border-color has-quinary-border-color has-tertiary-background-color has-background has-global-padding is-layout-constrained wp-container-core-group-layout-2 wp-block-group-is-layout-constrained\" style=\"border-width:3px;border-radius:10px;min-height:100%;padding-top:var(--wp--preset--spacing--large);padding-right:var(--wp--preset--spacing--large);padding-bottom:var(--wp--preset--spacing--large);padding-left:var(--wp--preset--spacing--large)\">\n<h2 class=\"wp-block-heading has-medium-font-size\" style=\"margin-top:var(--wp--preset--spacing--xx-small);font-style:normal;font-weight:600\">Dashboards e Automa\u00e7\u00f5es<\/h2>\n\n\n\n<p style=\"margin-top:var(--wp--preset--spacing--small)\">Otimize sua tomada de decis\u00e3o com dashboards personalizados e automa\u00e7\u00f5es inteligentes. Transforme dados em insights e impulsione o crescimento do seu neg\u00f3cio agora!<\/p>\n\n\n\n<div class=\"wp-block-buttons is-layout-flex wp-block-buttons-is-layout-flex\" style=\"margin-top:var(--wp--preset--spacing--small)\">\n<div class=\"wp-block-button is-style-link-only\"><a class=\"wp-block-button__link has-primary-color has-text-color has-background wp-element-button\" href=\"https:\/\/api.whatsapp.com\/send\/?phone=5511983992183&amp;text=Ol%C3%A1%21+Vim+pelo+site+e+tenho+uma+d%C3%BAvida%21&amp;type=phone_number&amp;app_absent=0\" style=\"background-color:#ffffff00;padding-top:0px;padding-right:0px;padding-bottom:0px;padding-left:0px\" target=\"_blank\" rel=\"noreferrer noopener\">Consulte mais informa\u00e7\u00e3o \u2192<\/a><\/div>\n<\/div>\n<\/div>\n<\/div>\n\n\n\n<div class=\"wp-block-column is-layout-flow wp-block-column-is-layout-flow\">\n<div class=\"wp-block-group has-border-color has-quinary-border-color has-tertiary-background-color has-background has-global-padding is-layout-constrained wp-container-core-group-layout-3 wp-block-group-is-layout-constrained\" style=\"border-width:3px;border-radius:10px;min-height:100%;padding-top:var(--wp--preset--spacing--large);padding-right:var(--wp--preset--spacing--large);padding-bottom:var(--wp--preset--spacing--large);padding-left:var(--wp--preset--spacing--large)\">\n<h2 class=\"wp-block-heading has-medium-font-size\" style=\"margin-top:var(--wp--preset--spacing--xx-small);font-style:normal;font-weight:600\">Desenvolvimento de Software<\/h2>\n\n\n\n<p style=\"margin-top:var(--wp--preset--spacing--small)\">Potencialize seu projeto com nosso desenvolvimento de software sob medida. Desde concep\u00e7\u00e3o at\u00e9 implementa\u00e7\u00e3o, entregamos solu\u00e7\u00f5es eficientes para impulsionar sua empresa.<\/p>\n\n\n\n<div class=\"wp-block-buttons is-layout-flex wp-block-buttons-is-layout-flex\" style=\"margin-top:var(--wp--preset--spacing--small)\">\n<div class=\"wp-block-button is-style-link-only\"><a class=\"wp-block-button__link has-primary-color has-text-color has-background wp-element-button\" href=\"https:\/\/api.whatsapp.com\/send\/?phone=5511983992183&amp;text=Ol%C3%A1%21+Vim+pelo+site+e+tenho+uma+d%C3%BAvida%21&amp;type=phone_number&amp;app_absent=0\" style=\"background-color:#ffffff00;padding-top:0px;padding-right:0px;padding-bottom:0px;padding-left:0px\" target=\"_blank\" rel=\"noreferrer noopener\">Consulte mais informa\u00e7\u00e3o \u2192<\/a><\/div>\n<\/div>\n<\/div>\n<\/div>\n\n\n\n<div class=\"wp-block-column is-layout-flow wp-block-column-is-layout-flow\">\n<div class=\"wp-block-group has-border-color has-quinary-border-color has-tertiary-background-color has-background has-global-padding is-layout-constrained wp-container-core-group-layout-4 wp-block-group-is-layout-constrained\" style=\"border-width:3px;border-radius:10px;min-height:100%;padding-top:var(--wp--preset--spacing--large);padding-right:var(--wp--preset--spacing--large);padding-bottom:var(--wp--preset--spacing--large);padding-left:var(--wp--preset--spacing--large)\">\n<h2 class=\"wp-block-heading has-medium-font-size\" style=\"margin-top:var(--wp--preset--spacing--xx-small);font-style:normal;font-weight:600\">Outsourcing &#8211; Talentos de Tecnologia<\/h2>\n\n\n\n<p style=\"margin-top:var(--wp--preset--spacing--small)\">Alcance excel\u00eancia com nosso outsourcing de talentos de tecnologia. Nossa expertise vai impulsionar seu projeto, trazendo inova\u00e7\u00e3o e efici\u00eancia para sua opera\u00e7\u00e3o.<\/p>\n\n\n\n<div class=\"wp-block-buttons is-layout-flex wp-block-buttons-is-layout-flex\" style=\"margin-top:var(--wp--preset--spacing--small)\">\n<div class=\"wp-block-button is-style-link-only\"><a class=\"wp-block-button__link has-primary-color has-text-color has-background wp-element-button\" href=\"https:\/\/api.whatsapp.com\/send\/?phone=5511983992183&amp;text=Ol%C3%A1%21+Vim+pelo+site+e+tenho+uma+d%C3%BAvida%21&amp;type=phone_number&amp;app_absent=0\" style=\"background-color:#ffffff00;padding-top:0px;padding-right:0px;padding-bottom:0px;padding-left:0px\" target=\"_blank\" rel=\"noreferrer noopener\">Consulte mais informa\u00e7\u00e3o \u2192<\/a><\/div>\n<\/div>\n<\/div>\n<\/div>\n<\/div>\n<\/div>\n\n\n\n<div class=\"wp-block-group alignwide is-layout-flow wp-container-core-group-layout-14 wp-block-group-is-layout-flow\" style=\"margin-top:var(--wp--preset--spacing--x-large);margin-bottom:0\">\n<h2 class=\"wp-block-heading\">Motivos para escolher a CavData! <\/h2>\n\n\n\n<div class=\"wp-block-group alignwide is-layout-flow wp-block-group-is-layout-flow\">\n<div class=\"wp-block-columns are-vertically-aligned-center is-layout-flex wp-container-core-columns-layout-3 wp-block-columns-is-layout-flex\">\n<div class=\"wp-block-column is-layout-flow wp-block-column-is-layout-flow\">\n<div class=\"wp-block-group has-border-color has-quinary-border-color has-tertiary-background-color has-background has-global-padding is-layout-constrained wp-container-core-group-layout-6 wp-block-group-is-layout-constrained\" style=\"border-width:3px;border-radius:10px;min-height:100%;padding-top:var(--wp--preset--spacing--large);padding-right:var(--wp--preset--spacing--large);padding-bottom:var(--wp--preset--spacing--large);padding-left:var(--wp--preset--spacing--large)\">\n<h3 class=\"wp-block-heading has-medium-font-size\" style=\"margin-top:var(--wp--preset--spacing--xx-small);font-style:normal;font-weight:600\"><mark style=\"background-color:rgba(0, 0, 0, 0)\" class=\"has-inline-color has-primary-color\">Redu\u00e7\u00e3o de custos<\/mark><\/h3>\n\n\n\n<p>Seus custos ser\u00e3o menores e todos as despesas associadas a gest\u00e3o de equipamentos e de pessoal s\u00e3o de responsabilidade da CavData.<\/p>\n<\/div>\n<\/div>\n\n\n\n<div class=\"wp-block-column is-layout-flow wp-block-column-is-layout-flow\">\n<div class=\"wp-block-group has-border-color has-quinary-border-color has-tertiary-background-color has-background has-global-padding is-layout-constrained wp-container-core-group-layout-7 wp-block-group-is-layout-constrained\" style=\"border-width:3px;border-radius:10px;min-height:100%;padding-top:var(--wp--preset--spacing--large);padding-right:var(--wp--preset--spacing--large);padding-bottom:var(--wp--preset--spacing--large);padding-left:var(--wp--preset--spacing--large)\">\n<h3 class=\"wp-block-heading has-medium-font-size\" style=\"margin-top:var(--wp--preset--spacing--xx-small);font-style:normal;font-weight:600\"><mark style=\"background-color:rgba(0, 0, 0, 0)\" class=\"has-inline-color has-primary-color\">Controle dos Servi\u00e7os<\/mark><\/h3>\n\n\n\n<p>A confian\u00e7a de nossos clientes \u00e9 um dos pilares que fazem parte da constru\u00e7\u00e3o de um relacionamento de sucesso.<\/p>\n<\/div>\n<\/div>\n\n\n\n<div class=\"wp-block-column is-layout-flow wp-block-column-is-layout-flow\">\n<div class=\"wp-block-group has-border-color has-quinary-border-color has-tertiary-background-color has-background has-global-padding is-layout-constrained wp-container-core-group-layout-8 wp-block-group-is-layout-constrained\" style=\"border-width:3px;border-radius:10px;min-height:100%;padding-top:var(--wp--preset--spacing--large);padding-right:var(--wp--preset--spacing--large);padding-bottom:var(--wp--preset--spacing--large);padding-left:var(--wp--preset--spacing--large)\">\n<h3 class=\"wp-block-heading has-medium-font-size\" style=\"margin-top:var(--wp--preset--spacing--xx-small);font-style:normal;font-weight:600\"><mark style=\"background-color:rgba(0, 0, 0, 0)\" class=\"has-inline-color has-primary-color\">Retorno do investimento<\/mark><\/h3>\n\n\n\n<p>Atrav\u00e9s do relat\u00f3rio de auditoria apontamos v\u00e1rias oportunidades que afetam os resultados financeiros de nossos clientes.<\/p>\n<\/div>\n<\/div>\n<\/div>\n<\/div>\n\n\n\n<div class=\"wp-block-group alignwide is-layout-flow wp-block-group-is-layout-flow\">\n<div class=\"wp-block-columns are-vertically-aligned-center is-layout-flex wp-container-core-columns-layout-4 wp-block-columns-is-layout-flex\">\n<div class=\"wp-block-column is-layout-flow wp-block-column-is-layout-flow\">\n<div class=\"wp-block-group has-border-color has-quinary-border-color has-tertiary-background-color has-background has-global-padding is-layout-constrained wp-container-core-group-layout-10 wp-block-group-is-layout-constrained\" style=\"border-width:3px;border-radius:10px;min-height:100%;padding-top:var(--wp--preset--spacing--large);padding-right:var(--wp--preset--spacing--large);padding-bottom:var(--wp--preset--spacing--large);padding-left:var(--wp--preset--spacing--large)\">\n<h3 class=\"wp-block-heading has-medium-font-size\" style=\"margin-top:var(--wp--preset--spacing--xx-small);font-style:normal;font-weight:600\"><mark style=\"background-color:rgba(0, 0, 0, 0)\" class=\"has-inline-color has-primary-color\">Especialistas<\/mark><\/h3>\n\n\n\n<p>Nossa equipe altamente treinada cuida das suas demandas para que voc\u00ea se concentre em seu pr\u00f3prio neg\u00f3cio.<\/p>\n<\/div>\n<\/div>\n\n\n\n<div class=\"wp-block-column is-layout-flow wp-block-column-is-layout-flow\">\n<div class=\"wp-block-group has-border-color has-quinary-border-color has-tertiary-background-color has-background has-global-padding is-layout-constrained wp-container-core-group-layout-11 wp-block-group-is-layout-constrained\" style=\"border-width:3px;border-radius:10px;min-height:100%;padding-top:var(--wp--preset--spacing--large);padding-right:var(--wp--preset--spacing--large);padding-bottom:var(--wp--preset--spacing--large);padding-left:var(--wp--preset--spacing--large)\">\n<h3 class=\"wp-block-heading has-medium-font-size\" style=\"margin-top:var(--wp--preset--spacing--xx-small);font-style:normal;font-weight:600\"><mark style=\"background-color:rgba(0, 0, 0, 0)\" class=\"has-inline-color has-primary-color\">Parceria<\/mark><\/h3>\n\n\n\n<p>Acreditamos no relacionamento como pilar fundamental. Buscamos parceiros de neg\u00f3cio, pois seu sucesso \u00e9 o nosso.<\/p>\n<\/div>\n<\/div>\n\n\n\n<div class=\"wp-block-column is-layout-flow wp-block-column-is-layout-flow\">\n<div class=\"wp-block-group has-border-color has-quinary-border-color has-tertiary-background-color has-background has-global-padding is-layout-constrained wp-container-core-group-layout-12 wp-block-group-is-layout-constrained\" style=\"border-width:3px;border-radius:10px;min-height:100%;padding-top:var(--wp--preset--spacing--large);padding-right:var(--wp--preset--spacing--large);padding-bottom:var(--wp--preset--spacing--large);padding-left:var(--wp--preset--spacing--large)\">\n<h3 class=\"wp-block-heading has-medium-font-size\" style=\"margin-top:var(--wp--preset--spacing--xx-small);font-style:normal;font-weight:600\"><mark style=\"background-color:rgba(0, 0, 0, 0)\" class=\"has-inline-color has-primary-color\">Qualidade<\/mark><\/h3>\n\n\n\n<p>Fornecemos entregas de alto valor e otimiza\u00e7\u00e3o do fluxo de trabalho, com foco no gerenciamento da qualidade.<\/p>\n<\/div>\n<\/div>\n<\/div>\n<\/div>\n<\/div>\n<\/div>\n\n\n\n<div class=\"wp-block-group alignfull is-layout-flow wp-block-group-is-layout-flow\" style=\"margin-top:0px;margin-bottom:0px;padding-top:var(--wp--preset--spacing--xx-large);padding-bottom:0\">\n<div class=\"wp-block-group alignwide is-layout-flow wp-container-core-group-layout-16 wp-block-group-is-layout-flow\">\n<h2 class=\"wp-block-heading has-text-align-center has-x-large-font-size\">Fale com um especialista!<\/h2>\n\n\n\n<div class=\"wp-block-columns is-layout-flex wp-container-core-columns-layout-5 wp-block-columns-is-layout-flex\">\n<div class=\"wp-block-column is-layout-flow wp-block-column-is-layout-flow\"><\/div>\n\n\n\n<div class=\"wp-block-column is-layout-flow wp-block-column-is-layout-flow\" style=\"flex-basis:720px\">\n<p class=\"has-text-align-center\" style=\"margin-top:var(--wp--preset--spacing--small)\">N\u00e3o perca mais tempo! Fale agora com um dos nossos especialistas e leve sua empresa para o pr\u00f3ximo n\u00edvel!<\/p>\n\n\n\n<div class=\"wp-block-buttons is-content-justification-center is-layout-flex wp-container-core-buttons-layout-4 wp-block-buttons-is-layout-flex\" style=\"margin-top:var(--wp--preset--spacing--medium)\">\n<div class=\"wp-block-button\"><a class=\"wp-block-button__link wp-element-button\" href=\"https:\/\/cavdata.com\/index.php\/contato\/\">Entre em contato \u2192<\/a><\/div>\n<\/div>\n<\/div>\n\n\n\n<div class=\"wp-block-column is-layout-flow wp-block-column-is-layout-flow\"><\/div>\n<\/div>\n<\/div>\n<\/div>\n","protected":false},"excerpt":{"rendered":"<p>Solu\u00e7\u00f5es Nossos servi\u00e7os Veja como podemos ajudar a alavancar seu neg\u00f3cio com os nossos servi\u00e7os de tecnologia. Dashboards e Automa\u00e7\u00f5es Otimize sua tomada de decis\u00e3o com dashboards personalizados e automa\u00e7\u00f5es inteligentes. Transforme dados em insights e impulsione o crescimento do seu neg\u00f3cio agora! Desenvolvimento de Software Potencialize seu projeto com nosso desenvolvimento de software sob [&hellip;]<\/p>\n","protected":false},"author":1,"featured_media":0,"parent":0,"menu_order":0,"comment_status":"closed","ping_status":"closed","template":"no-title-space","meta":{"_uf_show_specific_survey":0,"_uf_disable_surveys":false,"footnotes":""},"aioseo_notices":[],"_links":{"self":[{"href":"https:\/\/cavdata.com\/index.php\/wp-json\/wp\/v2\/pages\/251"}],"collection":[{"href":"https:\/\/cavdata.com\/index.php\/wp-json\/wp\/v2\/pages"}],"about":[{"href":"https:\/\/cavdata.com\/index.php\/wp-json\/wp\/v2\/types\/page"}],"author":[{"embeddable":true,"href":"https:\/\/cavdata.com\/index.php\/wp-json\/wp\/v2\/users\/1"}],"replies":[{"embeddable":true,"href":"https:\/\/cavdata.com\/index.php\/wp-json\/wp\/v2\/comments?post=251"}],"version-history":[{"count":49,"href":"https:\/\/cavdata.com\/index.php\/wp-json\/wp\/v2\/pages\/251\/revisions"}],"predecessor-version":[{"id":417,"href":"https:\/\/cavdata.com\/index.php\/wp-json\/wp\/v2\/pages\/251\/revisions\/417"}],"wp:attachment":[{"href":"https:\/\/cavdata.com\/index.php\/wp-json\/wp\/v2\/media?parent=251"}],"curies":[{"name":"wp","href":"https:\/\/api.w.org\/{rel}","templated":true}]}}