{"id":152,"date":"2024-03-08T17:17:38","date_gmt":"2024-03-08T20:17:38","guid":{"rendered":"https:\/\/cavdata.com\/?page_id=152"},"modified":"2025-01-04T23:19:14","modified_gmt":"2025-01-05T02:19:14","slug":"sobre-nos","status":"publish","type":"page","link":"https:\/\/cavdata.com\/index.php\/sobre-nos\/","title":{"rendered":"Sobre n\u00f3s"},"content":{"rendered":"\n<div class=\"wp-block-group is-layout-flow wp-block-group-is-layout-flow\">\n<div class=\"wp-block-group is-layout-flow wp-container-core-group-layout-5 wp-block-group-is-layout-flow\">\n<div class=\"wp-block-group is-layout-flow wp-block-group-is-layout-flow\">\n<div class=\"wp-block-columns are-vertically-aligned-center is-layout-flex wp-container-core-columns-layout-1 wp-block-columns-is-layout-flex\">\n<div class=\"wp-block-column is-vertically-aligned-center is-layout-flow wp-block-column-is-layout-flow\" style=\"flex-basis:100%\">\n<div class=\"wp-block-group has-global-padding is-layout-constrained wp-block-group-is-layout-constrained\">\n<h2 class=\"wp-block-heading\">Ajudando empresas a alcan\u00e7ar seu <mark style=\"background-color:rgba(0, 0, 0, 0)\" class=\"has-inline-color has-primary-color\">potencial m\u00e1ximo!<\/mark><\/h2>\n\n\n\n<p>A cultura na CavData \u00e9 como os servi\u00e7os que oferecemos: centrada no cliente e comprometida com a excel\u00eancia e a inova\u00e7\u00e3o. Tudo planejado, n\u00e3o improvisado, para garantir uma experi\u00eancia satisfat\u00f3ria.<\/p>\n<\/div>\n<\/div>\n\n\n\n<div class=\"wp-block-column is-vertically-aligned-center is-layout-flow wp-block-column-is-layout-flow\" style=\"flex-basis:100%\">\n<figure class=\"wp-block-image aligncenter size-full is-resized is-style-default\"><img loading=\"lazy\" decoding=\"async\" width=\"368\" height=\"368\" src=\"https:\/\/cavdata.com\/wp-content\/uploads\/2024\/03\/2926551-removebg-preview-edited.png\" alt=\"\" class=\"wp-image-282\" style=\"width:315px;height:auto\" srcset=\"https:\/\/cavdata.com\/wp-content\/uploads\/2024\/03\/2926551-removebg-preview-edited.png 368w, https:\/\/cavdata.com\/wp-content\/uploads\/2024\/03\/2926551-removebg-preview-edited-300x300.png 300w, https:\/\/cavdata.com\/wp-content\/uploads\/2024\/03\/2926551-removebg-preview-edited-150x150.png 150w\" sizes=\"(max-width: 368px) 100vw, 368px\" \/><\/figure>\n<\/div>\n<\/div>\n<\/div>\n\n\n\n<div class=\"wp-block-group is-layout-flow wp-block-group-is-layout-flow\">\n<div class=\"wp-block-columns are-vertically-aligned-center is-layout-flex wp-container-core-columns-layout-2 wp-block-columns-is-layout-flex\">\n<div class=\"wp-block-column is-vertically-aligned-center is-layout-flow wp-block-column-is-layout-flow\" style=\"flex-basis:100%\">\n<figure class=\"wp-block-image size-large is-resized\"><img loading=\"lazy\" decoding=\"async\" width=\"2560\" height=\"1599\" src=\"https:\/\/cavdata.com\/wp-content\/uploads\/2024\/03\/group-friends-planning-trip-cafe-edited-scaled.jpg\" alt=\"\" class=\"wp-image-289\" style=\"width:553px;height:auto\" srcset=\"https:\/\/cavdata.com\/wp-content\/uploads\/2024\/03\/group-friends-planning-trip-cafe-edited-scaled.jpg 2560w, https:\/\/cavdata.com\/wp-content\/uploads\/2024\/03\/group-friends-planning-trip-cafe-edited-300x187.jpg 300w, https:\/\/cavdata.com\/wp-content\/uploads\/2024\/03\/group-friends-planning-trip-cafe-edited-1024x640.jpg 1024w, https:\/\/cavdata.com\/wp-content\/uploads\/2024\/03\/group-friends-planning-trip-cafe-edited-768x480.jpg 768w, https:\/\/cavdata.com\/wp-content\/uploads\/2024\/03\/group-friends-planning-trip-cafe-edited-1536x959.jpg 1536w, https:\/\/cavdata.com\/wp-content\/uploads\/2024\/03\/group-friends-planning-trip-cafe-edited-2048x1279.jpg 2048w\" sizes=\"(max-width: 2560px) 100vw, 2560px\" \/><\/figure>\n<\/div>\n\n\n\n<div class=\"wp-block-column is-vertically-aligned-center is-layout-flow wp-block-column-is-layout-flow\" style=\"flex-basis:100%\">\n<h2 class=\"wp-block-heading has-text-align-left\"><mark style=\"background-color:rgba(0, 0, 0, 0)\" class=\"has-inline-color has-primary-color\">Nossa miss\u00e3o:<\/mark> ajudar organiza\u00e7\u00f5es a alcan\u00e7arem seu m\u00e1ximo<\/h2>\n\n\n\n<p class=\"has-text-align-left\">Acreditamos n\u00e3o apenas em crescer, mas em crescer de forma significativa. E crescer de forma significativa \u00e9 alinhar o nosso sucesso com o seu sucesso. \u00c9 uma situa\u00e7\u00e3o ganha-ganha!<\/p>\n<\/div>\n<\/div>\n<\/div>\n\n\n\n<div class=\"wp-block-group is-layout-flow wp-block-group-is-layout-flow\">\n<div class=\"wp-block-columns are-vertically-aligned-center is-layout-flex wp-container-core-columns-layout-3 wp-block-columns-is-layout-flex\">\n<div class=\"wp-block-column is-vertically-aligned-center is-layout-flow wp-block-column-is-layout-flow\" style=\"flex-basis:100%\">\n<h2 class=\"wp-block-heading has-text-align-left\"><br><mark style=\"background-color:rgba(0, 0, 0, 0)\" class=\"has-inline-color has-primary-color\">Nossa hist\u00f3ria:<\/mark> o in\u00edcio de tudo<\/h2>\n\n\n\n<p>A CavData teve origem de forma inesperada, como um perfil no TikTok e Instagram em 2023. Come\u00e7amos com o intuito de ajudar pessoas com dificuldades em tecnologia, compartilhando dicas e solu\u00e7\u00f5es \u00fateis. Rapidamente, nosso perfil cresceu para mais de 65 mil seguidores, acumulando mais de 2 milh\u00f5es de visualiza\u00e7\u00f5es.<\/p>\n\n\n\n<p>No entanto, conforme interag\u00edamos com nossa comunidade online, percebemos uma necessidade por servi\u00e7os mais personalizadas. Decidimos, ent\u00e3o, ampliar nosso escopo e transformar essa iniciativa em uma empresa de consultoria de TI.<\/p>\n\n\n\n<p>Hoje, estamos orgulhosos de nossa trajet\u00f3ria, que nos levou de um perfil nas redes sociais para uma empresa repleta de cases de sucesso.<\/p>\n<\/div>\n\n\n\n<div class=\"wp-block-column is-vertically-aligned-center is-layout-flow wp-block-column-is-layout-flow\" style=\"flex-basis:100%\">\n<figure class=\"wp-block-image size-full is-resized\"><img loading=\"lazy\" decoding=\"async\" width=\"472\" height=\"472\" src=\"https:\/\/cavdata.com\/wp-content\/uploads\/2024\/03\/IMG-20240313-WA0004-removebg-preview-edited.png\" alt=\"\" class=\"wp-image-311\" style=\"width:552px;height:auto\" srcset=\"https:\/\/cavdata.com\/wp-content\/uploads\/2024\/03\/IMG-20240313-WA0004-removebg-preview-edited.png 472w, https:\/\/cavdata.com\/wp-content\/uploads\/2024\/03\/IMG-20240313-WA0004-removebg-preview-edited-300x300.png 300w, https:\/\/cavdata.com\/wp-content\/uploads\/2024\/03\/IMG-20240313-WA0004-removebg-preview-edited-150x150.png 150w\" sizes=\"(max-width: 472px) 100vw, 472px\" \/><\/figure>\n<\/div>\n<\/div>\n<\/div>\n<\/div>\n\n\n\n<div class=\"wp-block-group alignfull has-border-color has-quinary-border-color has-tertiary-background-color has-background is-layout-flow wp-block-group-is-layout-flow\" style=\"border-width:1px;margin-top:var(--wp--preset--spacing--xx-large);margin-bottom:var(--wp--preset--spacing--xx-small);padding-top:var(--wp--preset--spacing--large);padding-bottom:var(--wp--preset--spacing--large)\">\n<div class=\"wp-block-group alignwide is-layout-flow wp-container-core-group-layout-6 wp-block-group-is-layout-flow\">\n<h2 class=\"wp-block-heading has-text-align-center has-x-large-font-size\">Conhe\u00e7a nossos servi\u00e7os!<\/h2>\n\n\n\n<div class=\"wp-block-columns is-layout-flex wp-container-core-columns-layout-4 wp-block-columns-is-layout-flex\">\n<div class=\"wp-block-column is-layout-flow wp-block-column-is-layout-flow\"><\/div>\n\n\n\n<div class=\"wp-block-column is-layout-flow wp-block-column-is-layout-flow\" style=\"flex-basis:720px\">\n<p class=\"has-text-align-center\" style=\"margin-top:var(--wp--preset--spacing--small)\">Explore nosso incr\u00edvel cat\u00e1logo de servi\u00e7os e saiba mais sobre como podemos lhe ajudar!<\/p>\n\n\n\n<div class=\"wp-block-buttons is-content-justification-center is-layout-flex wp-container-core-buttons-layout-1 wp-block-buttons-is-layout-flex\" style=\"margin-top:var(--wp--preset--spacing--medium)\">\n<div class=\"wp-block-button\"><a class=\"wp-block-button__link wp-element-button\" href=\"https:\/\/cavdata.com\/index.php\/servicos\/\">Saiba mais \u2192<\/a><\/div>\n<\/div>\n<\/div>\n\n\n\n<div class=\"wp-block-column is-layout-flow wp-block-column-is-layout-flow\"><\/div>\n<\/div>\n<\/div>\n<\/div>\n<\/div>\n","protected":false},"excerpt":{"rendered":"<p>Ajudando empresas a alcan\u00e7ar seu potencial m\u00e1ximo! A cultura na CavData \u00e9 como os servi\u00e7os que oferecemos: centrada no cliente e comprometida com a excel\u00eancia e a inova\u00e7\u00e3o. Tudo planejado, n\u00e3o improvisado, para garantir uma experi\u00eancia satisfat\u00f3ria. Nossa miss\u00e3o: ajudar organiza\u00e7\u00f5es a alcan\u00e7arem seu m\u00e1ximo Acreditamos n\u00e3o apenas em crescer, mas em crescer de forma [&hellip;]<\/p>\n","protected":false},"author":1,"featured_media":0,"parent":0,"menu_order":0,"comment_status":"closed","ping_status":"closed","template":"no-title-space","meta":{"_uf_show_specific_survey":0,"_uf_disable_surveys":false,"footnotes":""},"aioseo_notices":[],"_links":{"self":[{"href":"https:\/\/cavdata.com\/index.php\/wp-json\/wp\/v2\/pages\/152"}],"collection":[{"href":"https:\/\/cavdata.com\/index.php\/wp-json\/wp\/v2\/pages"}],"about":[{"href":"https:\/\/cavdata.com\/index.php\/wp-json\/wp\/v2\/types\/page"}],"author":[{"embeddable":true,"href":"https:\/\/cavdata.com\/index.php\/wp-json\/wp\/v2\/users\/1"}],"replies":[{"embeddable":true,"href":"https:\/\/cavdata.com\/index.php\/wp-json\/wp\/v2\/comments?post=152"}],"version-history":[{"count":60,"href":"https:\/\/cavdata.com\/index.php\/wp-json\/wp\/v2\/pages\/152\/revisions"}],"predecessor-version":[{"id":414,"href":"https:\/\/cavdata.com\/index.php\/wp-json\/wp\/v2\/pages\/152\/revisions\/414"}],"wp:attachment":[{"href":"https:\/\/cavdata.com\/index.php\/wp-json\/wp\/v2\/media?parent=152"}],"curies":[{"name":"wp","href":"https:\/\/api.w.org\/{rel}","templated":true}]}}